{"id":548,"date":"2024-02-21T11:31:58","date_gmt":"2024-02-21T14:31:58","guid":{"rendered":"https:\/\/fagsistems.com.ar\/head\/?page_id=548"},"modified":"2024-02-21T11:33:40","modified_gmt":"2024-02-21T14:33:40","slug":"politicas-de-privacidad","status":"publish","type":"page","link":"https:\/\/fagsistems.com.ar\/head\/politicas-de-privacidad\/","title":{"rendered":"Pol\u00edticas de privacidad"},"content":{"rendered":"\t\t<div data-elementor-type=\"wp-page\" data-elementor-id=\"548\" class=\"elementor elementor-548\" data-elementor-post-type=\"page\">\n\t\t\t\t\t\t<section class=\"elementor-section elementor-top-section elementor-element elementor-element-65dca2a elementor-section-boxed elementor-section-height-default elementor-section-height-default\" data-id=\"65dca2a\" data-element_type=\"section\" data-e-type=\"section\">\n\t\t\t\t\t\t<div class=\"elementor-container elementor-column-gap-default\">\n\t\t\t\t\t<div class=\"elementor-column elementor-col-100 elementor-top-column elementor-element elementor-element-c522e05\" data-id=\"c522e05\" data-element_type=\"column\" data-e-type=\"column\" data-settings=\"{&quot;background_background&quot;:&quot;classic&quot;}\">\n\t\t\t<div class=\"elementor-widget-wrap elementor-element-populated\">\n\t\t\t\t\t\t<div class=\"elementor-element elementor-element-c1bc088 elementor-widget elementor-widget-heading\" data-id=\"c1bc088\" data-element_type=\"widget\" data-e-type=\"widget\" data-widget_type=\"heading.default\">\n\t\t\t\t<div class=\"elementor-widget-container\">\n\t\t\t\t\t<h2 class=\"elementor-heading-title elementor-size-default\">Pol\u00edticas de privacidad<\/h2>\t\t\t\t<\/div>\n\t\t\t\t<\/div>\n\t\t\t\t<div class=\"elementor-element elementor-element-751f6bc elementor-widget elementor-widget-text-editor\" data-id=\"751f6bc\" data-element_type=\"widget\" data-e-type=\"widget\" data-widget_type=\"text-editor.default\">\n\t\t\t\t<div class=\"elementor-widget-container\">\n\t\t\t\t\t\t\t\t\t<p>Esta Pol\u00edtica de Privacidad est\u00e1 destinada a informar al Usuario sobre el modo en la que se da tratamiento a su Informaci\u00f3n Personal.<\/p><p>Asistencia Kanji Argentina se reserva el derecho de efectuar modificaciones a las presentes pol\u00edticas a los efectos de dar mejor tratamiento a la Informaci\u00f3n Personal. Esta pol\u00edtica no se aplica a los sitios a los que el Usuario pudiera acceder por medio de links, o cualquier otro tipo de v\u00ednculo. En caso de acceder a un sitio de un tercero por medio de un link publicado en el Website, el Usuario deber\u00e1 revisar detenidamente las pol\u00edticas de privacidad de dicho sitio.<\/p><p>\u00a0<\/p><p><strong>INFORMACI\u00d3N PERSONAL<\/strong><\/p><p>El Website recopila la informaci\u00f3n que el Usuario ingresa referida a su identidad a los efectos de operar en el mismo. Los datos que se requieren a los Usuarios, son a los efectos de constatar no s\u00f3lo la identidad, sino tambi\u00e9n de acceder a ciertas y determinadas funciones que hacen a la operatividad del Website. Todos los datos as\u00ed recabados, son estrictamente privados, y no estar\u00e1n disponibles de un modo p\u00fablico ni para conocimiento general. La Informaci\u00f3n Personal es recopilada y almacenada en los casos en que ha sido brindada por el Usuario, o bien si \u00e9sta se ha obtenido de fuentes de acceso p\u00fablico irrestricto. El usuario consiente que su Informaci\u00f3n Personal sea tratada de la manera en la que se explica en este documento.<\/p><p>\u00a0<\/p><p><strong>USO DE LA INFORMACI\u00d3N PERSONAL<\/strong><\/p><p>Asistencia Kanji Argentina no vende ni alquila a terceros Informaci\u00f3n Personal de sus Usuarios. La utilizaci\u00f3n de dicha Informaci\u00f3n Personal es a exclusivos fines propios, relacionados con el uso del Website, como ser el env\u00edo de avisos o promociones que se difundan a trav\u00e9s del mismo, o el env\u00edo de nuestros newsletters o bien para mantener informado y actualizado al Usuario sobre nuestras actividades, pero de ning\u00fan modo se revelar\u00e1 esa Informaci\u00f3n Personal a terceros.<\/p><p>\u00a0<\/p><p><strong>POL\u00cdTICA DE SEGURIDAD<\/strong><\/p><p>Proteger su privacidad es nuestro objetivo principal, por ello su Informaci\u00f3n Personal est\u00e1 protegida por una contrase\u00f1a. Hemos tomado todas las medidas a nuestro alcance tecnol\u00f3gico y econ\u00f3mico a fin de asegurar tanto su privacidad como la nuestra. Toda la informaci\u00f3n recabada se encuentra debidamente encriptada, salvo la que eventualmente nos hubiera enviado v\u00eda email, de modo de asegurar que las transacciones que se concierten tengan adecuado resguardo y privacidad.<\/p><p>En los casos de as\u00ed estimarlo conveniente, y para brindar a\u00fan mayor seguridad, podremos utilizar el protocolo de seguridad Secured Socket Layer (SSL) para transferir datos del navegador al servidor.<\/p><p>\u00a0<\/p><p><strong>R\u00c9GIMEN DE EXCEPCIONES A LA RESERVA DE LA INFORMACI\u00d3N PERSONAL.<\/strong><\/p><p>La Informaci\u00f3n Personal y\/o cualquier otra informaci\u00f3n personal del Usuario a la que Asistencia Kanji Argentina hubiera accedido por cualquier medio, podr\u00e1 ser revelada a terceros, en cualquiera de los siguientes casos: (i) si hubiera sido requerida por autoridad judicial o autoridad administrativa competente; (ii) si hubiera necesidad de hacerlo en caso de existencia de un intento de ruptura de la seguridad del Website.<\/p><p>No asumimos ninguna responsabilidad por la difusi\u00f3n de Informaci\u00f3n Personal que Ud. Efect\u00fae por cualquier medio distinto a los previstos como de operaci\u00f3n del Website.<\/p><p>\u00a0<\/p><p><strong>COOKIES<\/strong><\/p><p>Mediante la tecnolog\u00eda Cookie o el rastreo IP, el sitio puede acceder a otra informaci\u00f3n acerca del Usuario. Dicha informaci\u00f3n registra datos tales como informaci\u00f3n sobre el navegador que utiliza, el tipo de computadora, sus sistemas operativos, sus proveedores del servicio de Internet, las p\u00e1ginas que usted visita y otra informaci\u00f3n similar. De esta manera podemos conocer cu\u00e1les son las \u00e1reas de nuestro Website preferidas por nuestros Usuarios, qu\u00e9 \u00e1reas necesitan ser mejoradas y qu\u00e9 tecnolog\u00eda se est\u00e1 utilizando a fin de mejorar permanentemente los servicios brindados en nuestro sitio.<\/p><p>Eventualmente, podremos revelar informaci\u00f3n de tipo estad\u00edstico sin identificaci\u00f3n del Usuario, pero en ning\u00fan caso damos a conocer a terceros su Informaci\u00f3n Personal.<\/p><p>Su navegador, al igual que otros, puede estar programado para aceptar Cookies. En tal caso, si Ud. no desea brindar esa informaci\u00f3n adicional, puede programar su navegador para rechazar Cookies, o para que este le advierta que un sitio intenta enviarle Cookies.<\/p><p>\u00a0<\/p><p><strong>SEGURIDAD DE LA COMPRA<\/strong><\/p><p>Asistencia Kanji Argentina a trav\u00e9s de su Website, garantiza la seguridad y confidencialidad en todas sus comunicaciones con sus clientes. Todas las operaciones de pago on-line se realizan a trav\u00e9s de un servidor seguro, basado en el est\u00e1ndar SSL y operados por empresas dedicadas exclusivamente a dicha actividad, que protege los datos frente a intentos de violaci\u00f3n por terceros. Los datos del proceso de compra son guardados por las empresas que intervienen en la operaci\u00f3n, sin que a este respecto Asistencia Kanji Argentina asuma responsabilidad alguna frente al Usuario.<\/p><p>\u00a0<\/p><p><strong>C<\/strong><b>ALIDAD DE LOS DATOS DE LOS USUARIOS. DERECHO DE ACCESO, RECTIFICACI\u00d3N, ACTUALIZACI\u00d3N Y SUPRESI\u00d3N<\/b><\/p><p>Los Usuarios registrados garantizan y responden de la exactitud, vigencia y autenticidad de los datos personales facilitados y se comprometen a mantenerlos debidamente actualizados. Podr\u00e1n los Usuarios cambiar su informaci\u00f3n de registro, directamente en el Website. Al registrarse en el Website y formar parte de la \u201cBase General de Clientes\u201d, los Usuarios aceptan que Asistencia Kanji Argentina se comunique con ellos por v\u00eda postal, telef\u00f3nica o electr\u00f3nica para enviar informaci\u00f3n que Asistencia Kanji Argentina considere a su exclusivo criterio que pueda ser de su inter\u00e9s, incluyendo publicidad e informaci\u00f3n sobre ofertas y promociones. En caso de que los Usuarios no deseen ser contactados con estos fines, podr\u00e1n manifestarlo fehacientemente a Asistencia Kanji Argentina quien proceder\u00e1 a interrumpir este tipo de comunicaciones en el menor tiempo que le sea posible.- El titular de los datos personales tiene la facultad de ejercer el derecho de acceso a los mismos en forma gratuita, a intervalos no inferiores a seis meses, salvo que se acredite un inter\u00e9s leg\u00edtimo al efecto conforme lo establecido en el art\u00edculo 14, inciso 3 de la ley N\u00ba 25.326. La Direcci\u00f3n Nacional de Protecci\u00f3n de Datos Personales, \u00f3rgano de control de la Ley N\u00ba 25.326, tiene la atribuci\u00f3n de atender las denuncias y reclamos que se interpongan con relaci\u00f3n al incumplimiento de las normas sobre protecci\u00f3n de datos personales.<\/p>\t\t\t\t\t\t\t\t<\/div>\n\t\t\t\t<\/div>\n\t\t\t\t\t<\/div>\n\t\t<\/div>\n\t\t\t\t\t<\/div>\n\t\t<\/section>\n\t\t\t\t<\/div>\n\t\t","protected":false},"excerpt":{"rendered":"<p>Esta Pol\u00edtica de Privacidad est\u00e1 destinada a informar al Usuario sobre el modo en la que se da tratamiento a su Informaci\u00f3n Personal. Asistencia Kanji Argentina se reserva el derecho de efectuar modificaciones a las presentes pol\u00edticas a los efectos de dar mejor tratamiento a la Informaci\u00f3n Personal. Esta pol\u00edtica no se aplica a los [&hellip;]<\/p>\n","protected":false},"author":1,"featured_media":0,"parent":0,"menu_order":0,"comment_status":"closed","ping_status":"closed","template":"","meta":{"_acf_changed":false,"site-sidebar-layout":"no-sidebar","site-content-layout":"","ast-site-content-layout":"full-width-container","site-content-style":"default","site-sidebar-style":"default","ast-global-header-display":"","ast-banner-title-visibility":"","ast-main-header-display":"","ast-hfb-above-header-display":"","ast-hfb-below-header-display":"","ast-hfb-mobile-header-display":"","site-post-title":"disabled","ast-breadcrumbs-content":"","ast-featured-img":"disabled","footer-sml-layout":"","ast-disable-related-posts":"","theme-transparent-header-meta":"","adv-header-id-meta":"","stick-header-meta":"","header-above-stick-meta":"","header-main-stick-meta":"","header-below-stick-meta":"","astra-migrate-meta-layouts":"default","ast-page-background-enabled":"default","ast-page-background-meta":{"desktop":{"background-color":"var(--ast-global-color-4)","background-image":"","background-repeat":"repeat","background-position":"center center","background-size":"auto","background-attachment":"scroll","background-type":"","background-media":"","overlay-type":"","overlay-color":"","overlay-opacity":"","overlay-gradient":""},"tablet":{"background-color":"","background-image":"","background-repeat":"repeat","background-position":"center center","background-size":"auto","background-attachment":"scroll","background-type":"","background-media":"","overlay-type":"","overlay-color":"","overlay-opacity":"","overlay-gradient":""},"mobile":{"background-color":"","background-image":"","background-repeat":"repeat","background-position":"center center","background-size":"auto","background-attachment":"scroll","background-type":"","background-media":"","overlay-type":"","overlay-color":"","overlay-opacity":"","overlay-gradient":""}},"ast-content-background-meta":{"desktop":{"background-color":"var(--ast-global-color-5)","background-image":"","background-repeat":"repeat","background-position":"center center","background-size":"auto","background-attachment":"scroll","background-type":"","background-media":"","overlay-type":"","overlay-color":"","overlay-opacity":"","overlay-gradient":""},"tablet":{"background-color":"var(--ast-global-color-5)","background-image":"","background-repeat":"repeat","background-position":"center center","background-size":"auto","background-attachment":"scroll","background-type":"","background-media":"","overlay-type":"","overlay-color":"","overlay-opacity":"","overlay-gradient":""},"mobile":{"background-color":"var(--ast-global-color-5)","background-image":"","background-repeat":"repeat","background-position":"center center","background-size":"auto","background-attachment":"scroll","background-type":"","background-media":"","overlay-type":"","overlay-color":"","overlay-opacity":"","overlay-gradient":""}},"footnotes":""},"class_list":["post-548","page","type-page","status-publish","hentry"],"acf":[],"yoast_head":"<!-- This site is optimized with the Yoast SEO plugin v27.3 - https:\/\/yoast.com\/product\/yoast-seo-wordpress\/ -->\n<title>Pol\u00edticas de privacidad - Head<\/title>\n<meta name=\"robots\" content=\"index, follow, max-snippet:-1, max-image-preview:large, max-video-preview:-1\" \/>\n<link rel=\"canonical\" href=\"https:\/\/fagsistems.com.ar\/head\/politicas-de-privacidad\/\" \/>\n<meta property=\"og:locale\" content=\"es_ES\" \/>\n<meta property=\"og:type\" content=\"article\" \/>\n<meta property=\"og:title\" content=\"Pol\u00edticas de privacidad - Head\" \/>\n<meta property=\"og:description\" content=\"Esta Pol\u00edtica de Privacidad est\u00e1 destinada a informar al Usuario sobre el modo en la que se da tratamiento a su Informaci\u00f3n Personal. Asistencia Kanji Argentina se reserva el derecho de efectuar modificaciones a las presentes pol\u00edticas a los efectos de dar mejor tratamiento a la Informaci\u00f3n Personal. Esta pol\u00edtica no se aplica a los [&hellip;]\" \/>\n<meta property=\"og:url\" content=\"https:\/\/fagsistems.com.ar\/head\/politicas-de-privacidad\/\" \/>\n<meta property=\"og:site_name\" content=\"Head\" \/>\n<meta property=\"article:publisher\" content=\"https:\/\/www.facebook.com\/kanjitech\" \/>\n<meta property=\"article:modified_time\" content=\"2024-02-21T14:33:40+00:00\" \/>\n<meta name=\"twitter:card\" content=\"summary_large_image\" \/>\n<meta name=\"twitter:label1\" content=\"Tiempo de lectura\" \/>\n\t<meta name=\"twitter:data1\" content=\"5 minutos\" \/>\n<script type=\"application\/ld+json\" class=\"yoast-schema-graph\">{\"@context\":\"https:\\\/\\\/schema.org\",\"@graph\":[{\"@type\":\"WebPage\",\"@id\":\"https:\\\/\\\/fagsistems.com.ar\\\/head\\\/politicas-de-privacidad\\\/\",\"url\":\"https:\\\/\\\/fagsistems.com.ar\\\/head\\\/politicas-de-privacidad\\\/\",\"name\":\"Pol\u00edticas de privacidad - Head\",\"isPartOf\":{\"@id\":\"https:\\\/\\\/fagsistems.com.ar\\\/head\\\/#website\"},\"datePublished\":\"2024-02-21T14:31:58+00:00\",\"dateModified\":\"2024-02-21T14:33:40+00:00\",\"breadcrumb\":{\"@id\":\"https:\\\/\\\/fagsistems.com.ar\\\/head\\\/politicas-de-privacidad\\\/#breadcrumb\"},\"inLanguage\":\"es-AR\",\"potentialAction\":[{\"@type\":\"ReadAction\",\"target\":[\"https:\\\/\\\/fagsistems.com.ar\\\/head\\\/politicas-de-privacidad\\\/\"]}]},{\"@type\":\"BreadcrumbList\",\"@id\":\"https:\\\/\\\/fagsistems.com.ar\\\/head\\\/politicas-de-privacidad\\\/#breadcrumb\",\"itemListElement\":[{\"@type\":\"ListItem\",\"position\":1,\"name\":\"Inicio\",\"item\":\"https:\\\/\\\/fagsistems.com.ar\\\/head\\\/\"},{\"@type\":\"ListItem\",\"position\":2,\"name\":\"Pol\u00edticas de privacidad\"}]},{\"@type\":\"WebSite\",\"@id\":\"https:\\\/\\\/fagsistems.com.ar\\\/head\\\/#website\",\"url\":\"https:\\\/\\\/fagsistems.com.ar\\\/head\\\/\",\"name\":\"Kanji - Inspir\u00e1 tu mundo\",\"description\":\"\",\"publisher\":{\"@id\":\"https:\\\/\\\/fagsistems.com.ar\\\/head\\\/#organization\"},\"potentialAction\":[{\"@type\":\"SearchAction\",\"target\":{\"@type\":\"EntryPoint\",\"urlTemplate\":\"https:\\\/\\\/fagsistems.com.ar\\\/head\\\/?s={search_term_string}\"},\"query-input\":{\"@type\":\"PropertyValueSpecification\",\"valueRequired\":true,\"valueName\":\"search_term_string\"}}],\"inLanguage\":\"es-AR\"},{\"@type\":\"Organization\",\"@id\":\"https:\\\/\\\/fagsistems.com.ar\\\/head\\\/#organization\",\"name\":\"Kanji\",\"url\":\"https:\\\/\\\/fagsistems.com.ar\\\/head\\\/\",\"logo\":{\"@type\":\"ImageObject\",\"inLanguage\":\"es-AR\",\"@id\":\"https:\\\/\\\/fagsistems.com.ar\\\/head\\\/#\\\/schema\\\/logo\\\/image\\\/\",\"url\":\"https:\\\/\\\/fagsistems.com.ar\\\/head\\\/wp-content\\\/uploads\\\/2023\\\/12\\\/logo-b.svg\",\"contentUrl\":\"https:\\\/\\\/fagsistems.com.ar\\\/head\\\/wp-content\\\/uploads\\\/2023\\\/12\\\/logo-b.svg\",\"width\":2500,\"height\":400,\"caption\":\"Kanji\"},\"image\":{\"@id\":\"https:\\\/\\\/fagsistems.com.ar\\\/head\\\/#\\\/schema\\\/logo\\\/image\\\/\"},\"sameAs\":[\"https:\\\/\\\/www.facebook.com\\\/kanjitech\",\"https:\\\/\\\/www.instagram.com\\\/kanji.arg\\\/\"]}]}<\/script>\n<!-- \/ Yoast SEO plugin. -->","yoast_head_json":{"title":"Pol\u00edticas de privacidad - Head","robots":{"index":"index","follow":"follow","max-snippet":"max-snippet:-1","max-image-preview":"max-image-preview:large","max-video-preview":"max-video-preview:-1"},"canonical":"https:\/\/fagsistems.com.ar\/head\/politicas-de-privacidad\/","og_locale":"es_ES","og_type":"article","og_title":"Pol\u00edticas de privacidad - Head","og_description":"Esta Pol\u00edtica de Privacidad est\u00e1 destinada a informar al Usuario sobre el modo en la que se da tratamiento a su Informaci\u00f3n Personal. Asistencia Kanji Argentina se reserva el derecho de efectuar modificaciones a las presentes pol\u00edticas a los efectos de dar mejor tratamiento a la Informaci\u00f3n Personal. Esta pol\u00edtica no se aplica a los [&hellip;]","og_url":"https:\/\/fagsistems.com.ar\/head\/politicas-de-privacidad\/","og_site_name":"Head","article_publisher":"https:\/\/www.facebook.com\/kanjitech","article_modified_time":"2024-02-21T14:33:40+00:00","twitter_card":"summary_large_image","twitter_misc":{"Tiempo de lectura":"5 minutos"},"schema":{"@context":"https:\/\/schema.org","@graph":[{"@type":"WebPage","@id":"https:\/\/fagsistems.com.ar\/head\/politicas-de-privacidad\/","url":"https:\/\/fagsistems.com.ar\/head\/politicas-de-privacidad\/","name":"Pol\u00edticas de privacidad - Head","isPartOf":{"@id":"https:\/\/fagsistems.com.ar\/head\/#website"},"datePublished":"2024-02-21T14:31:58+00:00","dateModified":"2024-02-21T14:33:40+00:00","breadcrumb":{"@id":"https:\/\/fagsistems.com.ar\/head\/politicas-de-privacidad\/#breadcrumb"},"inLanguage":"es-AR","potentialAction":[{"@type":"ReadAction","target":["https:\/\/fagsistems.com.ar\/head\/politicas-de-privacidad\/"]}]},{"@type":"BreadcrumbList","@id":"https:\/\/fagsistems.com.ar\/head\/politicas-de-privacidad\/#breadcrumb","itemListElement":[{"@type":"ListItem","position":1,"name":"Inicio","item":"https:\/\/fagsistems.com.ar\/head\/"},{"@type":"ListItem","position":2,"name":"Pol\u00edticas de privacidad"}]},{"@type":"WebSite","@id":"https:\/\/fagsistems.com.ar\/head\/#website","url":"https:\/\/fagsistems.com.ar\/head\/","name":"Kanji - Inspir\u00e1 tu mundo","description":"","publisher":{"@id":"https:\/\/fagsistems.com.ar\/head\/#organization"},"potentialAction":[{"@type":"SearchAction","target":{"@type":"EntryPoint","urlTemplate":"https:\/\/fagsistems.com.ar\/head\/?s={search_term_string}"},"query-input":{"@type":"PropertyValueSpecification","valueRequired":true,"valueName":"search_term_string"}}],"inLanguage":"es-AR"},{"@type":"Organization","@id":"https:\/\/fagsistems.com.ar\/head\/#organization","name":"Kanji","url":"https:\/\/fagsistems.com.ar\/head\/","logo":{"@type":"ImageObject","inLanguage":"es-AR","@id":"https:\/\/fagsistems.com.ar\/head\/#\/schema\/logo\/image\/","url":"https:\/\/fagsistems.com.ar\/head\/wp-content\/uploads\/2023\/12\/logo-b.svg","contentUrl":"https:\/\/fagsistems.com.ar\/head\/wp-content\/uploads\/2023\/12\/logo-b.svg","width":2500,"height":400,"caption":"Kanji"},"image":{"@id":"https:\/\/fagsistems.com.ar\/head\/#\/schema\/logo\/image\/"},"sameAs":["https:\/\/www.facebook.com\/kanjitech","https:\/\/www.instagram.com\/kanji.arg\/"]}]}},"_links":{"self":[{"href":"https:\/\/fagsistems.com.ar\/head\/wp-json\/wp\/v2\/pages\/548","targetHints":{"allow":["GET"]}}],"collection":[{"href":"https:\/\/fagsistems.com.ar\/head\/wp-json\/wp\/v2\/pages"}],"about":[{"href":"https:\/\/fagsistems.com.ar\/head\/wp-json\/wp\/v2\/types\/page"}],"author":[{"embeddable":true,"href":"https:\/\/fagsistems.com.ar\/head\/wp-json\/wp\/v2\/users\/1"}],"replies":[{"embeddable":true,"href":"https:\/\/fagsistems.com.ar\/head\/wp-json\/wp\/v2\/comments?post=548"}],"version-history":[{"count":4,"href":"https:\/\/fagsistems.com.ar\/head\/wp-json\/wp\/v2\/pages\/548\/revisions"}],"predecessor-version":[{"id":552,"href":"https:\/\/fagsistems.com.ar\/head\/wp-json\/wp\/v2\/pages\/548\/revisions\/552"}],"wp:attachment":[{"href":"https:\/\/fagsistems.com.ar\/head\/wp-json\/wp\/v2\/media?parent=548"}],"curies":[{"name":"wp","href":"https:\/\/api.w.org\/{rel}","templated":true}]}}