{"id":2231,"date":"2024-06-07T10:08:23","date_gmt":"2024-06-07T13:08:23","guid":{"rendered":"https:\/\/fagsistems.com.ar\/head\/?post_type=product&#038;p=2231"},"modified":"2024-09-03T13:49:24","modified_gmt":"2024-09-03T16:49:24","slug":"monopatin-electrico-2","status":"publish","type":"product","link":"https:\/\/fagsistems.com.ar\/head\/producto\/monopatin-electrico-2\/","title":{"rendered":"Monopat\u00edn El\u00e9ctrico"},"content":{"rendered":"<p><strong>\u00a0 \u00a0 \u00a0 \u00a0 \u00a0 \u00a0Especificaciones:<\/strong><\/p>\n<ul>\n<li>ARRANQUE CON TARJETA NFC<\/li>\n<li>500W nativos, 800W m\u00e1x.<\/li>\n<li>Plegado f\u00e1cil y port\u00e1til<\/li>\n<li>Velocidad m\u00e1x. 25 km\/h<\/li>\n<li>Material: aluminio<\/li>\n<li>Ruedas de 10\u201d macizas<\/li>\n<li>Frenos frontales y traseros<\/li>\n<li>Bater\u00eda extra\u00edble<\/li>\n<li>Bater\u00eda intercambiable<br \/>\n(2da bater\u00eda no incluida)<\/li>\n<li>La bater\u00eda se carga directo, sin necesidad de conectar al monopat\u00edn<\/li>\n<li>Luz de giro<\/li>\n<li>Amortiguaci\u00f3n delantera y trasera<\/li>\n<\/ul>\n<p>&nbsp;<\/p>\n","protected":false},"excerpt":{"rendered":"<p>\u00a0 \u00a0 \u00a0 \u00a0 \u00a0 \u00a0Especificaciones: ARRANQUE CON TARJETA NFC 500W nativos, 800W m\u00e1x. Plegado f\u00e1cil y port\u00e1til Velocidad m\u00e1x. 25 km\/h Material: aluminio Ruedas de 10\u201d macizas Frenos frontales y traseros Bater\u00eda extra\u00edble Bater\u00eda intercambiable (2da bater\u00eda no incluida) La bater\u00eda se carga directo, sin necesidad de conectar al monopat\u00edn Luz de giro Amortiguaci\u00f3n [&hellip;]<\/p>\n","protected":false},"featured_media":2429,"template":"","meta":{"_acf_changed":false,"site-sidebar-layout":"default","site-content-layout":"","ast-site-content-layout":"default","site-content-style":"default","site-sidebar-style":"default","ast-global-header-display":"","ast-banner-title-visibility":"","ast-main-header-display":"","ast-hfb-above-header-display":"","ast-hfb-below-header-display":"","ast-hfb-mobile-header-display":"","site-post-title":"","ast-breadcrumbs-content":"","ast-featured-img":"","footer-sml-layout":"","ast-disable-related-posts":"","theme-transparent-header-meta":"default","adv-header-id-meta":"","stick-header-meta":"","header-above-stick-meta":"","header-main-stick-meta":"","header-below-stick-meta":"","astra-migrate-meta-layouts":"set","ast-page-background-enabled":"default","ast-page-background-meta":{"desktop":{"background-color":"var(--ast-global-color-4)","background-image":"","background-repeat":"repeat","background-position":"center center","background-size":"auto","background-attachment":"scroll","background-type":"","background-media":"","overlay-type":"","overlay-color":"","overlay-opacity":"","overlay-gradient":""},"tablet":{"background-color":"","background-image":"","background-repeat":"repeat","background-position":"center center","background-size":"auto","background-attachment":"scroll","background-type":"","background-media":"","overlay-type":"","overlay-color":"","overlay-opacity":"","overlay-gradient":""},"mobile":{"background-color":"","background-image":"","background-repeat":"repeat","background-position":"center center","background-size":"auto","background-attachment":"scroll","background-type":"","background-media":"","overlay-type":"","overlay-color":"","overlay-opacity":"","overlay-gradient":""}},"ast-content-background-meta":{"desktop":{"background-color":"var(--ast-global-color-5)","background-image":"","background-repeat":"repeat","background-position":"center center","background-size":"auto","background-attachment":"scroll","background-type":"","background-media":"","overlay-type":"","overlay-color":"","overlay-opacity":"","overlay-gradient":""},"tablet":{"background-color":"var(--ast-global-color-5)","background-image":"","background-repeat":"repeat","background-position":"center center","background-size":"auto","background-attachment":"scroll","background-type":"","background-media":"","overlay-type":"","overlay-color":"","overlay-opacity":"","overlay-gradient":""},"mobile":{"background-color":"var(--ast-global-color-5)","background-image":"","background-repeat":"repeat","background-position":"center center","background-size":"auto","background-attachment":"scroll","background-type":"","background-media":"","overlay-type":"","overlay-color":"","overlay-opacity":"","overlay-gradient":""}}},"product_brand":[],"product_cat":[154],"product_tag":[],"class_list":{"0":"post-2231","1":"product","2":"type-product","3":"status-publish","4":"has-post-thumbnail","6":"product_cat-monopatin","7":"desktop-align-left","8":"tablet-align-left","9":"mobile-align-left","11":"first","12":"instock","13":"shipping-taxable","14":"product-type-grouped"},"acf":[],"yoast_head":"<!-- This site is optimized with the Yoast SEO plugin v27.3 - https:\/\/yoast.com\/product\/yoast-seo-wordpress\/ -->\n<title>Monopat\u00edn El\u00e9ctrico - Head<\/title>\n<meta name=\"robots\" content=\"index, follow, max-snippet:-1, max-image-preview:large, max-video-preview:-1\" \/>\n<link rel=\"canonical\" href=\"https:\/\/fagsistems.com.ar\/head\/producto\/monopatin-electrico-2\/\" \/>\n<meta property=\"og:locale\" content=\"es_ES\" \/>\n<meta property=\"og:type\" content=\"article\" \/>\n<meta property=\"og:title\" content=\"Monopat\u00edn El\u00e9ctrico - Head\" \/>\n<meta property=\"og:description\" content=\"\u00a0 \u00a0 \u00a0 \u00a0 \u00a0 \u00a0Especificaciones: ARRANQUE CON TARJETA NFC 500W nativos, 800W m\u00e1x. Plegado f\u00e1cil y port\u00e1til Velocidad m\u00e1x. 25 km\/h Material: aluminio Ruedas de 10\u201d macizas Frenos frontales y traseros Bater\u00eda extra\u00edble Bater\u00eda intercambiable (2da bater\u00eda no incluida) La bater\u00eda se carga directo, sin necesidad de conectar al monopat\u00edn Luz de giro Amortiguaci\u00f3n [&hellip;]\" \/>\n<meta property=\"og:url\" content=\"https:\/\/fagsistems.com.ar\/head\/producto\/monopatin-electrico-2\/\" \/>\n<meta property=\"og:site_name\" content=\"Head\" \/>\n<meta property=\"article:publisher\" content=\"https:\/\/www.facebook.com\/kanjitech\" \/>\n<meta property=\"article:modified_time\" content=\"2024-09-03T16:49:24+00:00\" \/>\n<meta property=\"og:image\" content=\"https:\/\/fagsistems.com.ar\/head\/wp-content\/uploads\/2024\/06\/monopatin-06.jpg\" \/>\n\t<meta property=\"og:image:width\" content=\"1000\" \/>\n\t<meta property=\"og:image:height\" content=\"1000\" \/>\n\t<meta property=\"og:image:type\" content=\"image\/jpeg\" \/>\n<meta name=\"twitter:card\" content=\"summary_large_image\" \/>\n<meta name=\"twitter:label1\" content=\"Tiempo de lectura\" \/>\n\t<meta name=\"twitter:data1\" content=\"1 minuto\" \/>\n<script type=\"application\/ld+json\" class=\"yoast-schema-graph\">{\"@context\":\"https:\\\/\\\/schema.org\",\"@graph\":[{\"@type\":\"WebPage\",\"@id\":\"https:\\\/\\\/fagsistems.com.ar\\\/head\\\/producto\\\/monopatin-electrico-2\\\/\",\"url\":\"https:\\\/\\\/fagsistems.com.ar\\\/head\\\/producto\\\/monopatin-electrico-2\\\/\",\"name\":\"Monopat\u00edn El\u00e9ctrico - Head\",\"isPartOf\":{\"@id\":\"https:\\\/\\\/fagsistems.com.ar\\\/head\\\/#website\"},\"primaryImageOfPage\":{\"@id\":\"https:\\\/\\\/fagsistems.com.ar\\\/head\\\/producto\\\/monopatin-electrico-2\\\/#primaryimage\"},\"image\":{\"@id\":\"https:\\\/\\\/fagsistems.com.ar\\\/head\\\/producto\\\/monopatin-electrico-2\\\/#primaryimage\"},\"thumbnailUrl\":\"https:\\\/\\\/fagsistems.com.ar\\\/head\\\/wp-content\\\/uploads\\\/2024\\\/06\\\/monopatin-06.jpg\",\"datePublished\":\"2024-06-07T13:08:23+00:00\",\"dateModified\":\"2024-09-03T16:49:24+00:00\",\"breadcrumb\":{\"@id\":\"https:\\\/\\\/fagsistems.com.ar\\\/head\\\/producto\\\/monopatin-electrico-2\\\/#breadcrumb\"},\"inLanguage\":\"es-AR\",\"potentialAction\":[{\"@type\":\"ReadAction\",\"target\":[\"https:\\\/\\\/fagsistems.com.ar\\\/head\\\/producto\\\/monopatin-electrico-2\\\/\"]}]},{\"@type\":\"ImageObject\",\"inLanguage\":\"es-AR\",\"@id\":\"https:\\\/\\\/fagsistems.com.ar\\\/head\\\/producto\\\/monopatin-electrico-2\\\/#primaryimage\",\"url\":\"https:\\\/\\\/fagsistems.com.ar\\\/head\\\/wp-content\\\/uploads\\\/2024\\\/06\\\/monopatin-06.jpg\",\"contentUrl\":\"https:\\\/\\\/fagsistems.com.ar\\\/head\\\/wp-content\\\/uploads\\\/2024\\\/06\\\/monopatin-06.jpg\",\"width\":1000,\"height\":1000},{\"@type\":\"BreadcrumbList\",\"@id\":\"https:\\\/\\\/fagsistems.com.ar\\\/head\\\/producto\\\/monopatin-electrico-2\\\/#breadcrumb\",\"itemListElement\":[{\"@type\":\"ListItem\",\"position\":1,\"name\":\"Inicio\",\"item\":\"https:\\\/\\\/fagsistems.com.ar\\\/head\\\/\"},{\"@type\":\"ListItem\",\"position\":2,\"name\":\"Productos\",\"item\":\"https:\\\/\\\/fagsistems.com.ar\\\/head\\\/productos\\\/\"},{\"@type\":\"ListItem\",\"position\":3,\"name\":\"Monopat\u00edn El\u00e9ctrico\"}]},{\"@type\":\"WebSite\",\"@id\":\"https:\\\/\\\/fagsistems.com.ar\\\/head\\\/#website\",\"url\":\"https:\\\/\\\/fagsistems.com.ar\\\/head\\\/\",\"name\":\"Kanji - Inspir\u00e1 tu mundo\",\"description\":\"\",\"publisher\":{\"@id\":\"https:\\\/\\\/fagsistems.com.ar\\\/head\\\/#organization\"},\"potentialAction\":[{\"@type\":\"SearchAction\",\"target\":{\"@type\":\"EntryPoint\",\"urlTemplate\":\"https:\\\/\\\/fagsistems.com.ar\\\/head\\\/?s={search_term_string}\"},\"query-input\":{\"@type\":\"PropertyValueSpecification\",\"valueRequired\":true,\"valueName\":\"search_term_string\"}}],\"inLanguage\":\"es-AR\"},{\"@type\":\"Organization\",\"@id\":\"https:\\\/\\\/fagsistems.com.ar\\\/head\\\/#organization\",\"name\":\"Kanji\",\"url\":\"https:\\\/\\\/fagsistems.com.ar\\\/head\\\/\",\"logo\":{\"@type\":\"ImageObject\",\"inLanguage\":\"es-AR\",\"@id\":\"https:\\\/\\\/fagsistems.com.ar\\\/head\\\/#\\\/schema\\\/logo\\\/image\\\/\",\"url\":\"https:\\\/\\\/fagsistems.com.ar\\\/head\\\/wp-content\\\/uploads\\\/2023\\\/12\\\/logo-b.svg\",\"contentUrl\":\"https:\\\/\\\/fagsistems.com.ar\\\/head\\\/wp-content\\\/uploads\\\/2023\\\/12\\\/logo-b.svg\",\"width\":2500,\"height\":400,\"caption\":\"Kanji\"},\"image\":{\"@id\":\"https:\\\/\\\/fagsistems.com.ar\\\/head\\\/#\\\/schema\\\/logo\\\/image\\\/\"},\"sameAs\":[\"https:\\\/\\\/www.facebook.com\\\/kanjitech\",\"https:\\\/\\\/www.instagram.com\\\/kanji.arg\\\/\"]}]}<\/script>\n<!-- \/ Yoast SEO plugin. -->","yoast_head_json":{"title":"Monopat\u00edn El\u00e9ctrico - Head","robots":{"index":"index","follow":"follow","max-snippet":"max-snippet:-1","max-image-preview":"max-image-preview:large","max-video-preview":"max-video-preview:-1"},"canonical":"https:\/\/fagsistems.com.ar\/head\/producto\/monopatin-electrico-2\/","og_locale":"es_ES","og_type":"article","og_title":"Monopat\u00edn El\u00e9ctrico - Head","og_description":"\u00a0 \u00a0 \u00a0 \u00a0 \u00a0 \u00a0Especificaciones: ARRANQUE CON TARJETA NFC 500W nativos, 800W m\u00e1x. Plegado f\u00e1cil y port\u00e1til Velocidad m\u00e1x. 25 km\/h Material: aluminio Ruedas de 10\u201d macizas Frenos frontales y traseros Bater\u00eda extra\u00edble Bater\u00eda intercambiable (2da bater\u00eda no incluida) La bater\u00eda se carga directo, sin necesidad de conectar al monopat\u00edn Luz de giro Amortiguaci\u00f3n [&hellip;]","og_url":"https:\/\/fagsistems.com.ar\/head\/producto\/monopatin-electrico-2\/","og_site_name":"Head","article_publisher":"https:\/\/www.facebook.com\/kanjitech","article_modified_time":"2024-09-03T16:49:24+00:00","og_image":[{"width":1000,"height":1000,"url":"https:\/\/fagsistems.com.ar\/head\/wp-content\/uploads\/2024\/06\/monopatin-06.jpg","type":"image\/jpeg"}],"twitter_card":"summary_large_image","twitter_misc":{"Tiempo de lectura":"1 minuto"},"schema":{"@context":"https:\/\/schema.org","@graph":[{"@type":"WebPage","@id":"https:\/\/fagsistems.com.ar\/head\/producto\/monopatin-electrico-2\/","url":"https:\/\/fagsistems.com.ar\/head\/producto\/monopatin-electrico-2\/","name":"Monopat\u00edn El\u00e9ctrico - Head","isPartOf":{"@id":"https:\/\/fagsistems.com.ar\/head\/#website"},"primaryImageOfPage":{"@id":"https:\/\/fagsistems.com.ar\/head\/producto\/monopatin-electrico-2\/#primaryimage"},"image":{"@id":"https:\/\/fagsistems.com.ar\/head\/producto\/monopatin-electrico-2\/#primaryimage"},"thumbnailUrl":"https:\/\/fagsistems.com.ar\/head\/wp-content\/uploads\/2024\/06\/monopatin-06.jpg","datePublished":"2024-06-07T13:08:23+00:00","dateModified":"2024-09-03T16:49:24+00:00","breadcrumb":{"@id":"https:\/\/fagsistems.com.ar\/head\/producto\/monopatin-electrico-2\/#breadcrumb"},"inLanguage":"es-AR","potentialAction":[{"@type":"ReadAction","target":["https:\/\/fagsistems.com.ar\/head\/producto\/monopatin-electrico-2\/"]}]},{"@type":"ImageObject","inLanguage":"es-AR","@id":"https:\/\/fagsistems.com.ar\/head\/producto\/monopatin-electrico-2\/#primaryimage","url":"https:\/\/fagsistems.com.ar\/head\/wp-content\/uploads\/2024\/06\/monopatin-06.jpg","contentUrl":"https:\/\/fagsistems.com.ar\/head\/wp-content\/uploads\/2024\/06\/monopatin-06.jpg","width":1000,"height":1000},{"@type":"BreadcrumbList","@id":"https:\/\/fagsistems.com.ar\/head\/producto\/monopatin-electrico-2\/#breadcrumb","itemListElement":[{"@type":"ListItem","position":1,"name":"Inicio","item":"https:\/\/fagsistems.com.ar\/head\/"},{"@type":"ListItem","position":2,"name":"Productos","item":"https:\/\/fagsistems.com.ar\/head\/productos\/"},{"@type":"ListItem","position":3,"name":"Monopat\u00edn El\u00e9ctrico"}]},{"@type":"WebSite","@id":"https:\/\/fagsistems.com.ar\/head\/#website","url":"https:\/\/fagsistems.com.ar\/head\/","name":"Kanji - Inspir\u00e1 tu mundo","description":"","publisher":{"@id":"https:\/\/fagsistems.com.ar\/head\/#organization"},"potentialAction":[{"@type":"SearchAction","target":{"@type":"EntryPoint","urlTemplate":"https:\/\/fagsistems.com.ar\/head\/?s={search_term_string}"},"query-input":{"@type":"PropertyValueSpecification","valueRequired":true,"valueName":"search_term_string"}}],"inLanguage":"es-AR"},{"@type":"Organization","@id":"https:\/\/fagsistems.com.ar\/head\/#organization","name":"Kanji","url":"https:\/\/fagsistems.com.ar\/head\/","logo":{"@type":"ImageObject","inLanguage":"es-AR","@id":"https:\/\/fagsistems.com.ar\/head\/#\/schema\/logo\/image\/","url":"https:\/\/fagsistems.com.ar\/head\/wp-content\/uploads\/2023\/12\/logo-b.svg","contentUrl":"https:\/\/fagsistems.com.ar\/head\/wp-content\/uploads\/2023\/12\/logo-b.svg","width":2500,"height":400,"caption":"Kanji"},"image":{"@id":"https:\/\/fagsistems.com.ar\/head\/#\/schema\/logo\/image\/"},"sameAs":["https:\/\/www.facebook.com\/kanjitech","https:\/\/www.instagram.com\/kanji.arg\/"]}]}},"_links":{"self":[{"href":"https:\/\/fagsistems.com.ar\/head\/wp-json\/wp\/v2\/product\/2231","targetHints":{"allow":["GET"]}}],"collection":[{"href":"https:\/\/fagsistems.com.ar\/head\/wp-json\/wp\/v2\/product"}],"about":[{"href":"https:\/\/fagsistems.com.ar\/head\/wp-json\/wp\/v2\/types\/product"}],"wp:featuredmedia":[{"embeddable":true,"href":"https:\/\/fagsistems.com.ar\/head\/wp-json\/wp\/v2\/media\/2429"}],"wp:attachment":[{"href":"https:\/\/fagsistems.com.ar\/head\/wp-json\/wp\/v2\/media?parent=2231"}],"wp:term":[{"taxonomy":"product_brand","embeddable":true,"href":"https:\/\/fagsistems.com.ar\/head\/wp-json\/wp\/v2\/product_brand?post=2231"},{"taxonomy":"product_cat","embeddable":true,"href":"https:\/\/fagsistems.com.ar\/head\/wp-json\/wp\/v2\/product_cat?post=2231"},{"taxonomy":"product_tag","embeddable":true,"href":"https:\/\/fagsistems.com.ar\/head\/wp-json\/wp\/v2\/product_tag?post=2231"}],"curies":[{"name":"wp","href":"https:\/\/api.w.org\/{rel}","templated":true}]}}